{"id":40,"date":"2024-08-25T18:31:40","date_gmt":"2024-08-25T18:31:40","guid":{"rendered":"https:\/\/elpuestonuevo.com.ar\/v1\/?page_id=40"},"modified":"2024-08-25T16:59:00","modified_gmt":"2024-08-25T19:59:00","slug":"actividades","status":"publish","type":"page","link":"https:\/\/elpuestonuevo.com.ar\/v1\/actividades\/","title":{"rendered":"Actividades"},"content":{"rendered":"\n<div class=\"wp-block-cover is-light has-parallax is-repeated is-style-round-corners\" style=\"border-radius:20px;margin-top:var(--wp--preset--spacing--x-small);margin-bottom:var(--wp--preset--spacing--x-small)\"><span aria-hidden=\"true\" class=\"wp-block-cover__background has-background-dim-0 has-background-dim\" style=\"background-color:#7b8ca4\"><\/span><div class=\"wp-block-cover__image-background wp-image-137 has-parallax is-repeated\" style=\"background-position:50% 100%;background-image:url(https:\/\/elpuestonuevo.com.ar\/v1\/wp-content\/uploads\/2024\/08\/actividad-2.jpg)\"><\/div><div class=\"wp-block-cover__inner-container has-global-padding is-layout-constrained wp-container-core-cover-is-layout-1 wp-block-cover-is-layout-constrained\">\n<p class=\"has-text-align-center has-large-font-size\"><\/p>\n<\/div><\/div>\n\n\n\n<p>El Puesto Nuevo les ofrece esta amplia gama de actividades para disfrutar durante su estad\u00eda:<\/p>\n\n\n\n<p>Senderismo.<br>Tardes de T\u00e9, Mate y Tortas.<br>ECOTURISMO.<br>Tareas rurales.<br>Caminata al monte aut\u00f3ctono.<br>Visita al monte de Matos. Visita a pictograf\u00edas en el cerro Intihuasi.<br>Cabalgatas guiadas a las cuevas con pictograf\u00edas y\/o a los museos (Atahualpa Yupanqui y Arqueol\u00f3gico).<br>Visita asentamientos ind\u00edgenas (morteros, y otros).<br>Cabalgata Yupanquiana (Anual &#8211; Ultima semana de noviembre)<br>Cabalgata festejos patronales de Cerro Colorado (Anual &#8211; 11 de febrero)<\/p>\n\n\n\n<p>Consulte por cabalgatas grupales del establecimiento.<\/p>\n\n\n\n<p>Actividades sujetas a condiciones clim\u00e1ticas.<\/p>\n\n\n\n<p>Estas actividades tienen un costo adicional.<\/p>\n\n\n\n<p>Cabalgatas:<\/p>\n\n\n\n<p>Podr\u00e1 realizar visitas a distintos lugares con pictograf\u00edas ind\u00edgenas. Conocer\u00e1 el Museo Arqueol\u00f3gico y Museo de Atahualpa Yupanqui.<\/p>\n\n\n\n<p>Disfrute escalando el Cerro Colorado, Veladero e Inti Huasi.<\/p>\n\n\n\n<p>Museo arqueol\u00f3gico:<\/p>\n\n\n\n<p>Desde donde parten las visitas guiadas.<\/p>\n\n\n\n<p>Horario: de lunes a domingo; excepto los d\u00edas 11 de febrero que permanece cerrado. En este d\u00eda finalizan las fiestas patronales que comienzan nueve d\u00edas antes y que comprenden la organizaci\u00f3n de pe\u00f1as, serenatas, la novena a la Virgen de Guadalupe, y que culmina con el descenso de la Virgen desde el cerro en medio de antorchas.<\/p>\n\n\n\n<p>Fundaci\u00f3n Atahualpa Yupanqui:<\/p>\n\n\n\n<p>Aqu\u00ed se exhiben diversas pertenencias del artista como premios, partituras, libros, etc\u00e9tera. Tambi\u00e9n es posible observar videos en una sala construida a tal efecto y visitar la biblioteca popular.<\/p>\n\n\n\n<p>Horario: lunes y martes de 14 a 16:30h, mi\u00e9rcoles a domingo de 10 a 16:30h<\/p>\n\n\n\n<p>Senderismo:<\/p>\n\n\n\n<p>Recorriendo lugares en su estado natural, montes de infinitas especies del lugar; particularmente el monte de matos, especie solo vista en la regi\u00f3n por las caracter\u00edsticas especiales.<\/p>\n\n\n\n<p>Paseos de Sulky:<\/p>\n\n\n\n<p>Desde nuestra Casa a los distintos lugares que usted desease visitar, Museos, cerros, r\u00edos, etc.<\/p>\n\n\n\n<p>Contamos con un exclusivo lugar para la meditaci\u00f3n (antiguo horno de carb\u00f3n, acondicionado para tal necesidad) donde Ud. podr\u00e1 encontrarse consigo mismo.<\/p>\n","protected":false},"excerpt":{"rendered":"<p>El Puesto Nuevo les ofrece esta amplia gama de actividades para disfrutar durante su estad\u00eda: Senderismo.Tardes de T\u00e9, Mate y Tortas.ECOTURISMO.Tareas rurales.Caminata al monte aut\u00f3ctono.Visita al monte de Matos. Visita a pictograf\u00edas en el cerro Intihuasi.Cabalgatas guiadas a las cuevas con pictograf\u00edas y\/o a los museos (Atahualpa Yupanqui y Arqueol\u00f3gico).Visita asentamientos ind\u00edgenas (morteros, y otros).Cabalgata [&hellip;]<\/p>\n","protected":false},"author":1,"featured_media":137,"parent":0,"menu_order":0,"comment_status":"closed","ping_status":"closed","template":"","meta":{"footnotes":""},"class_list":["post-40","page","type-page","status-publish","has-post-thumbnail","hentry"],"_links":{"self":[{"href":"https:\/\/elpuestonuevo.com.ar\/v1\/wp-json\/wp\/v2\/pages\/40","targetHints":{"allow":["GET"]}}],"collection":[{"href":"https:\/\/elpuestonuevo.com.ar\/v1\/wp-json\/wp\/v2\/pages"}],"about":[{"href":"https:\/\/elpuestonuevo.com.ar\/v1\/wp-json\/wp\/v2\/types\/page"}],"author":[{"embeddable":true,"href":"https:\/\/elpuestonuevo.com.ar\/v1\/wp-json\/wp\/v2\/users\/1"}],"replies":[{"embeddable":true,"href":"https:\/\/elpuestonuevo.com.ar\/v1\/wp-json\/wp\/v2\/comments?post=40"}],"version-history":[{"count":4,"href":"https:\/\/elpuestonuevo.com.ar\/v1\/wp-json\/wp\/v2\/pages\/40\/revisions"}],"predecessor-version":[{"id":41,"href":"https:\/\/elpuestonuevo.com.ar\/v1\/wp-json\/wp\/v2\/pages\/40\/revisions\/41"}],"wp:featuredmedia":[{"embeddable":true,"href":"https:\/\/elpuestonuevo.com.ar\/v1\/wp-json\/wp\/v2\/media\/137"}],"wp:attachment":[{"href":"https:\/\/elpuestonuevo.com.ar\/v1\/wp-json\/wp\/v2\/media?parent=40"}],"curies":[{"name":"wp","href":"https:\/\/api.w.org\/{rel}","templated":true}]}}